{"id":512,"date":"2026-03-03T08:35:16","date_gmt":"2026-03-03T07:35:16","guid":{"rendered":"https:\/\/fleurs.novae.website\/rgpd\/"},"modified":"2026-04-02T10:15:42","modified_gmt":"2026-04-02T09:15:42","slug":"rgpd","status":"publish","type":"page","link":"https:\/\/fleurs.novae.website\/it\/rgpd\/","title":{"rendered":"RGPD"},"content":{"rendered":"[vc_row type=&#8221;full_width_content&#8221; full_screen_row_position=&#8221;middle&#8221; column_margin=&#8221;default&#8221; column_direction=&#8221;default&#8221; column_direction_tablet=&#8221;default&#8221; column_direction_phone=&#8221;default&#8221; scene_position=&#8221;center&#8221; top_padding=&#8221;8%&#8221; bottom_padding=&#8221;4%&#8221; text_color=&#8221;dark&#8221; text_align=&#8221;left&#8221; row_border_radius=&#8221;custom&#8221; row_border_radius_applies=&#8221;bg&#8221; top_left_border_radius=&#8221;36px&#8221; top_right_border_radius=&#8221;36px&#8221; bottom_right_border_radius=&#8221;36px&#8221; bottom_left_border_radius=&#8221;36px&#8221; row_position_desktop=&#8221;default&#8221; row_position_tablet=&#8221;inherit&#8221; row_position_phone=&#8221;inherit&#8221; overflow=&#8221;visible&#8221; id=&#8221;main_clear_row&#8221; overlay_strength=&#8221;0.3&#8243; gradient_direction=&#8221;left_to_right&#8221; shape_divider_position=&#8221;bottom&#8221; bg_image_animation=&#8221;none&#8221; gradient_type=&#8221;default&#8221; shape_type=&#8221;&#8221;][vc_column column_padding=&#8221;no-extra-padding&#8221; column_padding_tablet=&#8221;inherit&#8221; column_padding_phone=&#8221;inherit&#8221; column_padding_position=&#8221;all&#8221; column_element_direction_desktop=&#8221;default&#8221; column_element_spacing=&#8221;default&#8221; desktop_text_alignment=&#8221;default&#8221; tablet_text_alignment=&#8221;default&#8221; phone_text_alignment=&#8221;default&#8221; background_color_opacity=&#8221;1&#8243; background_hover_color_opacity=&#8221;1&#8243; column_backdrop_filter=&#8221;none&#8221; column_shadow=&#8221;none&#8221; column_border_radius=&#8221;none&#8221; column_link_target=&#8221;_self&#8221; column_position=&#8221;default&#8221; gradient_direction=&#8221;left_to_right&#8221; overlay_strength=&#8221;0.3&#8243; width=&#8221;1\/1&#8243; tablet_width_inherit=&#8221;default&#8221; animation_type=&#8221;default&#8221; enable_animation=&#8221;true&#8221; animation=&#8221;fade-in-from-bottom&#8221; animation_easing=&#8221;default&#8221; bg_image_animation=&#8221;none&#8221; border_type=&#8221;simple&#8221; column_border_width=&#8221;none&#8221; column_border_style=&#8221;solid&#8221; column_padding_type=&#8221;default&#8221; content_layout=&#8221;default&#8221; gradient_type=&#8221;default&#8221; delay=&#8221;500&#8243;][vc_row_inner column_margin=&#8221;default&#8221; column_direction=&#8221;default&#8221; column_direction_tablet=&#8221;default&#8221; column_direction_phone=&#8221;default&#8221; text_align=&#8221;left&#8221; row_position=&#8221;default&#8221; row_position_tablet=&#8221;inherit&#8221; row_position_phone=&#8221;inherit&#8221; overflow=&#8221;visible&#8221; pointer_events=&#8221;all&#8221;][vc_column_inner column_padding=&#8221;no-extra-padding&#8221; column_padding_tablet=&#8221;inherit&#8221; column_padding_phone=&#8221;inherit&#8221; column_padding_position=&#8221;all&#8221; column_element_direction_desktop=&#8221;default&#8221; column_element_spacing=&#8221;default&#8221; desktop_text_alignment=&#8221;default&#8221; tablet_text_alignment=&#8221;default&#8221; phone_text_alignment=&#8221;default&#8221; background_color_opacity=&#8221;1&#8243; background_hover_color_opacity=&#8221;1&#8243; column_backdrop_filter=&#8221;none&#8221; font_color=&#8221;#1E3273&#8243; column_shadow=&#8221;none&#8221; column_border_radius=&#8221;none&#8221; column_link_target=&#8221;_self&#8221; overflow=&#8221;visible&#8221; gradient_direction=&#8221;left_to_right&#8221; overlay_strength=&#8221;0.3&#8243; width=&#8221;1\/1&#8243; tablet_width_inherit=&#8221;default&#8221; animation_type=&#8221;default&#8221; bg_image_animation=&#8221;none&#8221; border_type=&#8221;simple&#8221; column_border_width=&#8221;none&#8221; column_border_style=&#8221;solid&#8221; column_padding_type=&#8221;default&#8221; content_layout=&#8221;default&#8221; gradient_type=&#8221;default&#8221;][vc_column_text css=&#8221;&#8221; text_direction=&#8221;default&#8221;]\n<h1 style=\"text-align: center;\">Protezione dei dati personali<\/h1>\n[\/vc_column_text][\/vc_column_inner][\/vc_row_inner][\/vc_column][\/vc_row][vc_row type=&#8221;in_container&#8221; full_screen_row_position=&#8221;middle&#8221; column_margin=&#8221;default&#8221; column_direction=&#8221;default&#8221; column_direction_tablet=&#8221;default&#8221; column_direction_phone=&#8221;default&#8221; scene_position=&#8221;center&#8221; bottom_padding=&#8221;4%&#8221; left_padding_desktop=&#8221;32px&#8221; constrain_group_2=&#8221;yes&#8221; right_padding_desktop=&#8221;32px&#8221; text_color=&#8221;dark&#8221; text_align=&#8221;left&#8221; row_border_radius=&#8221;none&#8221; row_border_radius_applies=&#8221;bg&#8221; row_position_desktop=&#8221;default&#8221; row_position_tablet=&#8221;inherit&#8221; row_position_phone=&#8221;inherit&#8221; overflow=&#8221;visible&#8221; overlay_strength=&#8221;0.3&#8243; gradient_direction=&#8221;left_to_right&#8221; shape_divider_position=&#8221;bottom&#8221; bg_image_animation=&#8221;none&#8221; gradient_type=&#8221;default&#8221; shape_type=&#8221;&#8221;][vc_column column_padding=&#8221;no-extra-padding&#8221; column_padding_tablet=&#8221;inherit&#8221; column_padding_phone=&#8221;inherit&#8221; column_padding_position=&#8221;all&#8221; column_element_direction_desktop=&#8221;default&#8221; column_element_spacing=&#8221;default&#8221; desktop_text_alignment=&#8221;default&#8221; tablet_text_alignment=&#8221;default&#8221; phone_text_alignment=&#8221;default&#8221; background_color_opacity=&#8221;1&#8243; background_hover_color_opacity=&#8221;1&#8243; column_backdrop_filter=&#8221;none&#8221; column_shadow=&#8221;none&#8221; column_border_radius=&#8221;none&#8221; column_link_target=&#8221;_self&#8221; column_position=&#8221;default&#8221; gradient_direction=&#8221;left_to_right&#8221; overlay_strength=&#8221;0.3&#8243; width=&#8221;1\/1&#8243; tablet_width_inherit=&#8221;default&#8221; animation_type=&#8221;default&#8221; enable_animation=&#8221;true&#8221; animation=&#8221;fade-in-from-bottom&#8221; animation_easing=&#8221;default&#8221; bg_image_animation=&#8221;none&#8221; border_type=&#8221;simple&#8221; column_border_width=&#8221;none&#8221; column_border_style=&#8221;solid&#8221; column_padding_type=&#8221;default&#8221; content_layout=&#8221;default&#8221; gradient_type=&#8221;default&#8221; delay=&#8221;500&#8243;][vc_row_inner column_margin=&#8221;default&#8221; column_direction=&#8221;default&#8221; column_direction_tablet=&#8221;default&#8221; column_direction_phone=&#8221;default&#8221; text_align=&#8221;left&#8221; row_position=&#8221;default&#8221; row_position_tablet=&#8221;inherit&#8221; row_position_phone=&#8221;inherit&#8221; overflow=&#8221;visible&#8221; pointer_events=&#8221;all&#8221;][vc_column_inner column_padding=&#8221;no-extra-padding&#8221; column_padding_tablet=&#8221;inherit&#8221; column_padding_phone=&#8221;inherit&#8221; column_padding_position=&#8221;all&#8221; column_element_direction_desktop=&#8221;default&#8221; column_element_spacing=&#8221;default&#8221; desktop_text_alignment=&#8221;default&#8221; tablet_text_alignment=&#8221;default&#8221; phone_text_alignment=&#8221;default&#8221; background_color_opacity=&#8221;1&#8243; background_hover_color_opacity=&#8221;1&#8243; column_backdrop_filter=&#8221;none&#8221; column_shadow=&#8221;none&#8221; column_border_radius=&#8221;none&#8221; column_link_target=&#8221;_self&#8221; overflow=&#8221;visible&#8221; gradient_direction=&#8221;left_to_right&#8221; overlay_strength=&#8221;0.3&#8243; width=&#8221;1\/1&#8243; tablet_width_inherit=&#8221;default&#8221; animation_type=&#8221;default&#8221; bg_image_animation=&#8221;none&#8221; border_type=&#8221;simple&#8221; column_border_width=&#8221;none&#8221; column_border_style=&#8221;solid&#8221; column_padding_type=&#8221;default&#8221; content_layout=&#8221;default&#8221; gradient_type=&#8221;default&#8221;][vc_column_text css=&#8221;&#8221; text_direction=&#8221;default&#8221;]<strong>DATI PERSONALI RACCOLTI<\/strong><\/p>\n<p>Sul sito vengono raccolti due tipi di dati personali<\/p>\n<p>www.villadesfleursdajoncs.com<\/p>\n<ul>\n<li>Dati inseriti e inviati tramite moduli<\/li>\n<li>Dati raccolti dallo strumento di misurazione del pubblico Google Analytics<\/li>\n<\/ul>\n<p><strong>TITOLARE DEL TRATTAMENTO<\/strong><\/p>\n<p>I dati personali sono raccolti sul sito dalla societ\u00e0 VILLA DES FLEURS D&#8217;AJONCS, la cui sede legale \u00e8 11 ALLEE DES FLEURS D\u2019AJONCS 29900 CONCARNEAU.<\/p>\n<p><strong>FINALIT\u00c0 DELLA RACCOLTA DEI DATI PERSONALI<\/strong><\/p>\n<p>Lo scopo della raccolta dei dati personali attraverso i vari moduli presenti sul sito web \u00e8:<\/p>\n<ul>\n<li>Ricontatta nuovamente le persone che hanno registrato una richiesta di informazioni sul sito.<\/li>\n<li>Permettre l\u2019envoi de lettres d\u2019information par nos services<\/li>\n<\/ul>\n<p>Inviando il modulo e selezionando le apposite caselle di consenso, l&#8217;utente acconsente espressamente al trattamento dei dati personali per le finalit\u00e0 del rapporto commerciale.<\/p>\n<p>Lo scopo della raccolta dei dati personali tramite lo strumento di monitoraggio del pubblico Google Analytics utilizzato sul sito \u00e8 il seguente:<\/p>\n<ul>\n<li>Analizzare il comportamento degli utenti sul sito al fine di misurare il pubblico e migliorarne le prestazioni.<\/li>\n<\/ul>\n<p>Google Analytics utilizza cookie di terze parti per distinguere gli utenti. I cookie sono file di testo che vengono memorizzati sui dispositivi degli utenti. Non contengono informazioni di identificazione personale, ma solo identificatori generati casualmente.  <\/p>\n<p>Navigando sul sito, l&#8217;utente acconsente espressamente al trattamento dei dati personali raccolti da Google Analytics allo scopo di analizzare il comportamento dell&#8217;utente per migliorare le prestazioni del sito.<\/p>\n<p><strong>PERIODO DI CONSERVAZIONE DEI DATI PERSONALI<\/strong><\/p>\n<p>Les donn\u00e9es collect\u00e9es via les formulaires sont conserv\u00e9es pendant une dur\u00e9e de 2 ans \u00e0 compter de l\u2019envoi du formulaire.<\/p>\n<p>I cookie utilizzati dallo strumento di misurazione del pubblico Google Analytics hanno la seguente durata:<\/p>\n<p>_ga: 2 anni<br \/>\n_gid: 24 ore<br \/>\n_gat: 1 minuto<\/p>\n<p><strong>RISERVATEZZA DEI DATI PERSONALI<\/strong><\/p>\n<p>I dati personali che vi riguardano e che vengono raccolti dal sito web www.hotel-panoramic-luz.com sono destinati esclusivamente alla societ\u00e0 VILLA DES FLEURS D&#8217;AJONCS e saranno utilizzati solo in relazione alla richiesta effettuata tramite il modulo.<\/p>\n<p>In nessun caso i dati personali inseriti e inviati tramite i moduli saranno trasmessi, noleggiati o venduti a terzi.<\/p>\n<p><strong>LUOGO DI ARCHIVIAZIONE DEI DATI PERSONALI<\/strong><\/p>\n<p>I server che ospitano il sito web si trovano esclusivamente in Francia, all&#8217;interno dell&#8217;Unione Europea.<br \/>\nVILLA DES FLEURS D&#8217;AJONCS si impegna a non trasferire alcun dato personale in un paese al di fuori dell&#8217;Unione Europea.<\/p>\n<p><strong>SICUREZZA DEI DATI PERSONALI<\/strong><\/p>\n<p>Il sito \u00e8 ospitato su un server sicuro.<\/p>\n<p>Tutte le pagine utilizzano HTTPS, TLS 1.2 \/ crittografia RSA a 2048 bit (SHA256withRSA). Questo protocollo di sicurezza crittografa il contenuto delle comunicazioni tra il browser e i server del database. Ci\u00f2 impedisce che i dati personali inseriti e inviati tramite moduli possano essere facilmente letti da terzi durante la trasmissione.  <\/p>\n<p>Tuttavia, nessuna trasmissione o memorizzazione di dati personali \u00e8 mai completamente sicura. Di conseguenza, non possiamo garantire la sicurezza assoluta delle informazioni trasmesse ai nostri server di hosting o memorizzate su di essi. <\/p>\n<p><strong>RESPONSABILE DELLA PROTEZIONE DEI DATI<\/strong><\/p>\n<p>La Sig.ra Florence Geay \u00e8 la Responsabile della Protezione dei Dati (DPO) della societ\u00e0 VILLA DES FLEURS D&#8217;AJONCS. In particolare, si occupa di garantire che le attivit\u00e0 dell&#8217;azienda siano conformi al nuovo quadro giuridico europeo del GDPR e di collaborare con l&#8217;autorit\u00e0 di controllo. <\/p>\n<p>Puoi contattarlo utilizzando il <a href=\"https:\/\/fleurs.novae.website\/it\/contatti-e-accesso\/\">modulo di contatto<\/a> o via mail a:<br \/>\nVilla DES FLEURS D&#8217;AJONCS Responsabile della protezione dei dati \u2013 11 ALLEE DES FLEURS D&#8217;AJONCS 29900 CONCARNEAU<\/p>\n<p><strong>DIRITTO DI ACCESSO, RETTIFICA O CANCELLAZIONE DEI DATI PERSONALI<\/strong><\/p>\n<p>Ai sensi della legge francese sulla protezione dei dati del 6 gennaio 1978, e successive modifiche, e del Regolamento generale sulla protezione dei dati (GDPR) europeo 2016\/679, avete il diritto di accedere, rettificare e cancellare i vostri dati personali. Potete esercitare tali diritti utilizzando il <a href=\"https:\/\/fleurs.novae.website\/it\/contatti-e-accesso\/\">modulo di contatto<\/a> o inviando una lettera a VILLA DES FLEURS D&#8217;AJONCS \u2013 11 ALLEE DES FLEURS D\u2019AJONCS 29900 CONCARNEAU[\/vc_column_text][\/vc_column_inner][\/vc_row_inner][\/vc_column][\/vc_row]\n","protected":false},"excerpt":{"rendered":"<p>[vc_row type=&#8221;full_width_content&#8221; full_screen_row_position=&#8221;middle&#8221; column_margin=&#8221;default&#8221; column_direction=&#8221;default&#8221; column_direction_tablet=&#8221;default&#8221; column_direction_phone=&#8221;default&#8221; scene_position=&#8221;center&#8221; top_padding=&#8221;8%&#8221; bottom_padding=&#8221;4%&#8221; text_color=&#8221;dark&#8221; text_align=&#8221;left&#8221; row_border_radius=&#8221;custom&#8221; row_border_radius_applies=&#8221;bg&#8221; top_left_border_radius=&#8221;36px&#8221; top_right_border_radius=&#8221;36px&#8221; bottom_right_border_radius=&#8221;36px&#8221; bottom_left_border_radius=&#8221;36px&#8221; row_position_desktop=&#8221;default&#8221; row_position_tablet=&#8221;inherit&#8221; row_position_phone=&#8221;inherit&#8221; overflow=&#8221;visible&#8221; id=&#8221;main_clear_row&#8221; overlay_strength=&#8221;0.3&#8243; gradient_direction=&#8221;left_to_right&#8221; shape_divider_position=&#8221;bottom&#8221; bg_image_animation=&#8221;none&#8221; gradient_type=&#8221;default&#8221; shape_type=&#8221;&#8221;][vc_column column_padding=&#8221;no-extra-padding&#8221;&#8230;<\/p>\n","protected":false},"author":1,"featured_media":0,"parent":0,"menu_order":0,"comment_status":"closed","ping_status":"closed","template":"","meta":{"inline_featured_image":false,"footnotes":""},"class_list":["post-512","page","type-page","status-publish"],"_links":{"self":[{"href":"https:\/\/fleurs.novae.website\/it\/wp-json\/wp\/v2\/pages\/512","targetHints":{"allow":["GET"]}}],"collection":[{"href":"https:\/\/fleurs.novae.website\/it\/wp-json\/wp\/v2\/pages"}],"about":[{"href":"https:\/\/fleurs.novae.website\/it\/wp-json\/wp\/v2\/types\/page"}],"author":[{"embeddable":true,"href":"https:\/\/fleurs.novae.website\/it\/wp-json\/wp\/v2\/users\/1"}],"replies":[{"embeddable":true,"href":"https:\/\/fleurs.novae.website\/it\/wp-json\/wp\/v2\/comments?post=512"}],"version-history":[{"count":5,"href":"https:\/\/fleurs.novae.website\/it\/wp-json\/wp\/v2\/pages\/512\/revisions"}],"predecessor-version":[{"id":675,"href":"https:\/\/fleurs.novae.website\/it\/wp-json\/wp\/v2\/pages\/512\/revisions\/675"}],"wp:attachment":[{"href":"https:\/\/fleurs.novae.website\/it\/wp-json\/wp\/v2\/media?parent=512"}],"curies":[{"name":"wp","href":"https:\/\/api.w.org\/{rel}","templated":true}]}}